{"id":119,"date":"2020-06-22T13:55:01","date_gmt":"2020-06-22T13:55:01","guid":{"rendered":"https:\/\/vokdamscare.de\/?page_id=119"},"modified":"2020-07-16T14:45:16","modified_gmt":"2020-07-16T14:45:16","slug":"vok-dams-guestmanagement","status":"publish","type":"page","link":"https:\/\/www.vokdams-safety-check.com\/index.php\/vok-dams-guestmanagement\/","title":{"rendered":"VOK DAMS Guestmanagement"},"content":{"rendered":"<p>[et_pb_section fb_built=&#8220;1&#8243; admin_label=&#8220;Hero&#8220; _builder_version=&#8220;4.4.8&#8243; background_color=&#8220;#cc0030&#8243; background_enable_image=&#8220;off&#8220; background_blend=&#8220;multiply&#8220; min_height=&#8220;350px&#8220; custom_padding=&#8220;20px||||false|false&#8220;][et_pb_row _builder_version=&#8220;3.25&#8243; background_size=&#8220;initial&#8220; background_position=&#8220;top_left&#8220; background_repeat=&#8220;repeat&#8220; custom_padding=&#8220;27px|0px|27px|0px|false|false&#8220;][et_pb_column type=&#8220;4_4&#8243; _builder_version=&#8220;3.25&#8243; custom_padding=&#8220;|||&#8220; custom_padding__hover=&#8220;|||&#8220;][et_pb_text _builder_version=&#8220;4.4.8&#8243; text_font=&#8220;||||||||&#8220; text_font_size=&#8220;20px&#8220; text_line_height=&#8220;1.8em&#8220; header_font=&#8220;Open Sans|800|||||||&#8220; header_font_size=&#8220;60px&#8220; header_line_height=&#8220;1.3em&#8220; background_size=&#8220;initial&#8220; background_position=&#8220;top_left&#8220; background_repeat=&#8220;repeat&#8220; background_layout=&#8220;dark&#8220; custom_margin=&#8220;|||&#8220; custom_margin_tablet=&#8220;|100px||&#8220; custom_margin_phone=&#8220;|30px||&#8220; custom_margin_last_edited=&#8220;off|desktop&#8220; hover_enabled=&#8220;0&#8243; header_font_size_tablet=&#8220;50px&#8220; header_font_size_phone=&#8220;40px&#8220; header_font_size_last_edited=&#8220;on|phone&#8220; header_line_height_tablet=&#8220;&#8220; header_line_height_phone=&#8220;&#8220; header_line_height_last_edited=&#8220;on|desktop&#8220;]<\/p>\n<h1>VOK DAMS Guest Management<\/h1>\n<p>Die Digital Unit der VOK DAMS Events GmbH<\/p>\n<p>[\/et_pb_text][et_pb_text _builder_version=&#8220;4.4.8&#8243; text_font=&#8220;|300|||||||&#8220; text_text_color=&#8220;#ffffff&#8220; text_font_size=&#8220;20px&#8220; text_line_height=&#8220;1.8em&#8220;]<\/p>\n<p>Das VOK DAMS Guest Management ist eine eigenst\u00e4ndige Division der VOK DAMS GRUPPE mit mehr als 25 Jahren Erfahrung im Guest Management f\u00fcr nationale und internationale Veranstaltungen.<br \/>Der Einsatz erfolgt sowohl bei VOK DAMS Projekten, als auch als eigenst\u00e4ndiger Dienstleister f\u00fcr fremde Leadagenturen oder in direkter Zusammenarbeit mit dem Kunden. Eine der Kernkompetenzen liegt in der logistischen, als auch in der speziellen pers\u00f6nlichen Betreuung besonderer Teilnehmergruppen.<\/p>\n<p>[\/et_pb_text][\/et_pb_column][\/et_pb_row][\/et_pb_section][et_pb_section fb_built=&#8220;1&#8243; admin_label=&#8220;Blog&#8220; _builder_version=&#8220;4.4.8&#8243; background_enable_color=&#8220;off&#8220; custom_padding=&#8220;||20px||false|false&#8220;][et_pb_row use_custom_gutter=&#8220;on&#8220; gutter_width=&#8220;2&#8243; _builder_version=&#8220;4.4.8&#8243; animation_style=&#8220;fade&#8220;][et_pb_column type=&#8220;4_4&#8243; _builder_version=&#8220;3.25&#8243; custom_padding=&#8220;|||&#8220; custom_padding__hover=&#8220;|||&#8220;][et_pb_blog fullwidth=&#8220;off&#8220; posts_number=&#8220;6&#8243; include_categories=&#8220;11&#8243; show_more=&#8220;on&#8220; show_author=&#8220;off&#8220; show_date=&#8220;off&#8220; show_categories=&#8220;off&#8220; masonry_tile_background_color=&#8220;#ffffff&#8220; _builder_version=&#8220;4.4.8&#8243; header_font=&#8220;|600|||||||&#8220; header_line_height=&#8220;1.6em&#8220; body_font=&#8220;|300|||||||&#8220; body_font_size=&#8220;16px&#8220; body_line_height=&#8220;2em&#8220; meta_font=&#8220;||||||||&#8220; meta_font_size=&#8220;14px&#8220; pagination_font=&#8220;|700|||||||&#8220; pagination_text_color=&#8220;#dc0019&#8243; pagination_font_size=&#8220;20px&#8220; custom_css_read_more=&#8220;content: &#8218;Weiterlesen&#8216;;&#8220; border_width_all=&#8220;0px&#8220; box_shadow_style=&#8220;preset1&#8243; box_shadow_vertical=&#8220;0px&#8220; box_shadow_color=&#8220;rgba(0,0,0,0.1)&#8220;][\/et_pb_blog][\/et_pb_column][\/et_pb_row][\/et_pb_section][et_pb_section fb_built=&#8220;1&#8243; _builder_version=&#8220;4.4.8&#8243; custom_margin=&#8220;0px||0px||false|false&#8220; custom_padding=&#8220;0px||0px||false|false&#8220;][et_pb_row _builder_version=&#8220;4.4.8&#8243; custom_margin=&#8220;0px||||false|false&#8220; custom_padding=&#8220;0px||||false|false&#8220;][et_pb_column type=&#8220;4_4&#8243; _builder_version=&#8220;4.4.8&#8243;][et_pb_text _builder_version=&#8220;4.4.8&#8243; text_font_size=&#8220;24px&#8220;]<\/p>\n<p>Sie m\u00f6chten mehr \u00fcber VOK DAMS erfahren? <\/p>\n<p>[\/et_pb_text][et_pb_button button_url=&#8220;https:\/\/www.vokdams.de\/&#8220; url_new_window=&#8220;on&#8220; button_text=&#8220;zur Homepage von VOK DAMS&#8220; button_alignment=&#8220;center&#8220; _builder_version=&#8220;4.4.8&#8243; custom_button=&#8220;on&#8220; button_text_size=&#8220;24px&#8220; button_text_color=&#8220;#ffffff&#8220; button_bg_color=&#8220;#dc0019&#8243; button_border_color=&#8220;#ffffff&#8220; button_icon=&#8220;%%28%%&#8220; button_icon_color=&#8220;#ffffff&#8220;][\/et_pb_button][\/et_pb_column][\/et_pb_row][\/et_pb_section][et_pb_section fb_built=&#8220;1&#8243; fullwidth=&#8220;on&#8220; _builder_version=&#8220;4.4.8&#8243; height=&#8220;1px&#8220;][et_pb_fullwidth_code _builder_version=&#8220;4.4.8&#8243;]<\/p>\n<style><!-- [et_pb_line_break_holder] -->.et-fixed-header #top-menu li.current-menu-ancestor > a, .et-fixed-header #top-menu li.current-menu-item > a, #top-menu li.current-menu-item > a {<!-- [et_pb_line_break_holder] -->  color: #dc0019 !important;}<!-- [et_pb_line_break_holder] --><\/style>\n<p>[\/et_pb_fullwidth_code][\/et_pb_section]<\/p>\n","protected":false},"excerpt":{"rendered":"<p>VOK DAMS Guest Management Die Digital Unit der VOK DAMS Events GmbHDas VOK DAMS Guest Management ist eine eigenst\u00e4ndige Division der VOK DAMS GRUPPE mit mehr als 25 Jahren Erfahrung im Guest Management f\u00fcr nationale und internationale Veranstaltungen.Der Einsatz erfolgt sowohl bei VOK DAMS Projekten, als auch als eigenst\u00e4ndiger Dienstleister f\u00fcr fremde Leadagenturen oder in [&hellip;]<\/p>\n","protected":false},"author":4,"featured_media":0,"parent":0,"menu_order":0,"comment_status":"closed","ping_status":"closed","template":"","meta":{"_et_pb_use_builder":"on","_et_pb_old_content":"","_et_gb_content_width":""},"_links":{"self":[{"href":"https:\/\/www.vokdams-safety-check.com\/index.php\/wp-json\/wp\/v2\/pages\/119"}],"collection":[{"href":"https:\/\/www.vokdams-safety-check.com\/index.php\/wp-json\/wp\/v2\/pages"}],"about":[{"href":"https:\/\/www.vokdams-safety-check.com\/index.php\/wp-json\/wp\/v2\/types\/page"}],"author":[{"embeddable":true,"href":"https:\/\/www.vokdams-safety-check.com\/index.php\/wp-json\/wp\/v2\/users\/4"}],"replies":[{"embeddable":true,"href":"https:\/\/www.vokdams-safety-check.com\/index.php\/wp-json\/wp\/v2\/comments?post=119"}],"version-history":[{"count":21,"href":"https:\/\/www.vokdams-safety-check.com\/index.php\/wp-json\/wp\/v2\/pages\/119\/revisions"}],"predecessor-version":[{"id":1142,"href":"https:\/\/www.vokdams-safety-check.com\/index.php\/wp-json\/wp\/v2\/pages\/119\/revisions\/1142"}],"wp:attachment":[{"href":"https:\/\/www.vokdams-safety-check.com\/index.php\/wp-json\/wp\/v2\/media?parent=119"}],"curies":[{"name":"wp","href":"https:\/\/api.w.org\/{rel}","templated":true}]}}