{"id":267,"date":"2020-06-23T14:40:14","date_gmt":"2020-06-23T14:40:14","guid":{"rendered":"https:\/\/vokdamscare.de\/?page_id=267"},"modified":"2020-07-16T12:47:13","modified_gmt":"2020-07-16T12:47:13","slug":"bgm-solutions","status":"publish","type":"page","link":"https:\/\/www.vokdams-safety-check.com\/index.php\/bgm-solutions\/","title":{"rendered":"BGM Solutions"},"content":{"rendered":"<p>[et_pb_section fb_built=&#8220;1&#8243; admin_label=&#8220;Hero&#8220; _builder_version=&#8220;4.4.8&#8243; background_color=&#8220;#93c6c7&#8243; background_color_gradient_direction=&#8220;170deg&#8220; background_enable_image=&#8220;off&#8220; min_height=&#8220;350px&#8220; custom_padding=&#8220;20px||||false|false&#8220;][et_pb_row _builder_version=&#8220;4.4.8&#8243; background_size=&#8220;initial&#8220; background_position=&#8220;top_left&#8220; background_repeat=&#8220;repeat&#8220; custom_padding=&#8220;27px|0px|27px|0px|false|false&#8220;][et_pb_column type=&#8220;4_4&#8243; _builder_version=&#8220;3.25&#8243; custom_padding=&#8220;|||&#8220; custom_padding__hover=&#8220;|||&#8220;][et_pb_text _builder_version=&#8220;4.4.8&#8243; text_font=&#8220;||||||||&#8220; text_font_size=&#8220;20px&#8220; text_line_height=&#8220;1.8em&#8220; header_font=&#8220;Open Sans|800|||||||&#8220; header_text_color=&#8220;#ffffff&#8220; header_font_size=&#8220;60px&#8220; header_line_height=&#8220;1.3em&#8220; background_size=&#8220;initial&#8220; background_position=&#8220;top_left&#8220; background_repeat=&#8220;repeat&#8220; background_layout=&#8220;dark&#8220; custom_margin=&#8220;|||&#8220; custom_margin_tablet=&#8220;|100px||&#8220; custom_margin_phone=&#8220;|30px||&#8220; custom_margin_last_edited=&#8220;off|desktop&#8220; header_font_size_tablet=&#8220;50px&#8220; header_font_size_phone=&#8220;40px&#8220; header_font_size_last_edited=&#8220;on|phone&#8220; header_line_height_tablet=&#8220;&#8220; header_line_height_phone=&#8220;&#8220; header_line_height_last_edited=&#8220;on|desktop&#8220;]<\/p>\n<h1><span style=\"color: #ffffff;\">BGM-Solutions<\/span><\/h1>\n<h2><span style=\"font-size: x-large;\">Gesellschaft f\u00fcr ganzheitliches Gesundheitsmanagement mbH<\/span><\/h2>\n<p>[\/et_pb_text][et_pb_text _builder_version=&#8220;4.4.8&#8243; text_font=&#8220;|300|||||||&#8220; text_text_color=&#8220;#ffffff&#8220; text_font_size=&#8220;20px&#8220; text_line_height=&#8220;1.8em&#8220;]<\/p>\n<p>BGM-Solutions bietet Systeme und Leistungen f\u00fcr Arbeitsschutz, Eingliederung und betriebliche Pr\u00e4vention. Als Start-up liegt der Fokus dabei auf innovativen digitalen Tools und effektiver Fachberatung mit bedarfsgerechten L\u00f6sungen.<\/p>\n<p>[\/et_pb_text][\/et_pb_column][\/et_pb_row][\/et_pb_section][et_pb_section fb_built=&#8220;1&#8243; _builder_version=&#8220;4.4.8&#8243; custom_padding=&#8220;||20px||false|false&#8220; hover_enabled=&#8220;0&#8243;][et_pb_row use_custom_gutter=&#8220;on&#8220; gutter_width=&#8220;2&#8243; make_equal=&#8220;on&#8220; _builder_version=&#8220;4.4.8&#8243; hover_enabled=&#8220;0&#8243; custom_padding=&#8220;||0px||false|false&#8220;][et_pb_column type=&#8220;4_4&#8243; _builder_version=&#8220;4.4.8&#8243;][et_pb_blog fullwidth=&#8220;off&#8220; include_categories=&#8220;12&#8243; show_more=&#8220;on&#8220; show_author=&#8220;off&#8220; show_date=&#8220;off&#8220; show_categories=&#8220;off&#8220; _builder_version=&#8220;4.4.8&#8243; header_font=&#8220;|600|||||||&#8220; header_line_height=&#8220;1.6em&#8220; body_font=&#8220;|300|||||||&#8220; body_font_size=&#8220;16px&#8220; body_line_height=&#8220;2em&#8220; meta_text_color=&#8220;#d2722c&#8220; read_more_text_color=&#8220;#d2722c&#8220; pagination_text_color=&#8220;#d2722c&#8220; module_alignment=&#8220;left&#8220; border_width_all=&#8220;0px&#8220; box_shadow_style=&#8220;preset1&#8243; box_shadow_vertical=&#8220;0px&#8220; box_shadow_color=&#8220;rgba(0,0,0,0.1)&#8220;][\/et_pb_blog][\/et_pb_column][\/et_pb_row][\/et_pb_section][et_pb_section fb_built=&#8220;1&#8243; _builder_version=&#8220;4.4.8&#8243; custom_padding=&#8220;0px||0px||false|false&#8220; hover_enabled=&#8220;0&#8243; custom_margin=&#8220;0px||0px||false|false&#8220;][et_pb_row _builder_version=&#8220;4.4.8&#8243; hover_enabled=&#8220;0&#8243; custom_margin=&#8220;0px||||false|false&#8220; custom_padding=&#8220;0px||||false|false&#8220;][et_pb_column type=&#8220;4_4&#8243; _builder_version=&#8220;4.4.8&#8243;][et_pb_text _builder_version=&#8220;4.4.8&#8243; text_font_size=&#8220;24px&#8220;]<\/p>\n<p>Sie m\u00f6chten mehr \u00fcber BGM-Solutions erfahren? <\/p>\n<p>[\/et_pb_text][et_pb_button button_url=&#8220;https:\/\/www.bgm-solutions.de\/&#8220; url_new_window=&#8220;on&#8220; button_text=&#8220;zur Homepage von BGM-Solutions&#8220; button_alignment=&#8220;center&#8220; _builder_version=&#8220;4.4.8&#8243; custom_button=&#8220;on&#8220; button_text_size=&#8220;24px&#8220; button_text_color=&#8220;#ffffff&#8220; button_bg_color=&#8220;#d2722c&#8220; button_border_color=&#8220;#ffffff&#8220; button_icon=&#8220;%%28%%&#8220; button_icon_color=&#8220;#ffffff&#8220;][\/et_pb_button][\/et_pb_column][\/et_pb_row][\/et_pb_section][et_pb_section fb_built=&#8220;1&#8243; fullwidth=&#8220;on&#8220; _builder_version=&#8220;4.4.8&#8243; hover_enabled=&#8220;0&#8243; height=&#8220;1px&#8220;][et_pb_fullwidth_code _builder_version=&#8220;4.4.8&#8243;]<\/p>\n<style><!-- [et_pb_line_break_holder] -->.et-fixed-header #top-menu li.current-menu-ancestor > a, .et-fixed-header #top-menu li.current-menu-item > a, #top-menu li.current-menu-item > a {<!-- [et_pb_line_break_holder] -->  color: #d2722c !important;}<!-- [et_pb_line_break_holder] --><\/style>\n<p>[\/et_pb_fullwidth_code][\/et_pb_section]<\/p>\n","protected":false},"excerpt":{"rendered":"<p>BGM-Solutions Gesellschaft f\u00fcr ganzheitliches Gesundheitsmanagement mbHBGM-Solutions bietet Systeme und Leistungen f\u00fcr Arbeitsschutz, Eingliederung und betriebliche Pr\u00e4vention. Als Start-up liegt der Fokus dabei auf innovativen digitalen Tools und effektiver Fachberatung mit bedarfsgerechten L\u00f6sungen.Sie m\u00f6chten mehr \u00fcber BGM-Solutions erfahren?<\/p>\n","protected":false},"author":1,"featured_media":0,"parent":0,"menu_order":0,"comment_status":"closed","ping_status":"closed","template":"","meta":{"_et_pb_use_builder":"on","_et_pb_old_content":"","_et_gb_content_width":""},"_links":{"self":[{"href":"https:\/\/www.vokdams-safety-check.com\/index.php\/wp-json\/wp\/v2\/pages\/267"}],"collection":[{"href":"https:\/\/www.vokdams-safety-check.com\/index.php\/wp-json\/wp\/v2\/pages"}],"about":[{"href":"https:\/\/www.vokdams-safety-check.com\/index.php\/wp-json\/wp\/v2\/types\/page"}],"author":[{"embeddable":true,"href":"https:\/\/www.vokdams-safety-check.com\/index.php\/wp-json\/wp\/v2\/users\/1"}],"replies":[{"embeddable":true,"href":"https:\/\/www.vokdams-safety-check.com\/index.php\/wp-json\/wp\/v2\/comments?post=267"}],"version-history":[{"count":26,"href":"https:\/\/www.vokdams-safety-check.com\/index.php\/wp-json\/wp\/v2\/pages\/267\/revisions"}],"predecessor-version":[{"id":1117,"href":"https:\/\/www.vokdams-safety-check.com\/index.php\/wp-json\/wp\/v2\/pages\/267\/revisions\/1117"}],"wp:attachment":[{"href":"https:\/\/www.vokdams-safety-check.com\/index.php\/wp-json\/wp\/v2\/media?parent=267"}],"curies":[{"name":"wp","href":"https:\/\/api.w.org\/{rel}","templated":true}]}}